{"id":48,"date":"2020-07-23T10:51:04","date_gmt":"2020-07-23T10:51:04","guid":{"rendered":"https:\/\/www.xn--dengamleprstegrd-qobn.dk\/?page_id=48"},"modified":"2020-07-23T10:51:04","modified_gmt":"2020-07-23T10:51:04","slug":"historiske-billeder","status":"publish","type":"page","link":"https:\/\/www.xn--dengamleprstegrd-qobn.dk\/index.php\/historiske-billeder\/","title":{"rendered":"Historiske billeder"},"content":{"rendered":"\n<div class=\"wp-block-image is-style-default\"><figure class=\"aligncenter size-full\"><img loading=\"lazy\" decoding=\"async\" width=\"540\" height=\"433\" src=\"https:\/\/www.xn--dengamleprstegrd-qobn.dk\/wp-content\/uploads\/2020\/07\/gadekaer-1918.jpg\" alt=\"\" class=\"wp-image-46\" srcset=\"https:\/\/www.xn--dengamleprstegrd-qobn.dk\/wp-content\/uploads\/2020\/07\/gadekaer-1918.jpg 540w, https:\/\/www.xn--dengamleprstegrd-qobn.dk\/wp-content\/uploads\/2020\/07\/gadekaer-1918-300x241.jpg 300w\" sizes=\"auto, (max-width: 540px) 100vw, 540px\" \/><figcaption>Den gamle pr\u00e6steg\u00e5rd set hen over gadek\u00e6ret i 1918<\/figcaption><\/figure><\/div>\n\n\n\n<div class=\"wp-block-image is-style-default\"><figure class=\"aligncenter size-full\"><img decoding=\"async\" src=\"https:\/\/www.xn--dengamleprstegrd-qobn.dk\/wp-content\/uploads\/2020\/07\/1938.png\" alt=\"\" class=\"wp-image-41\"\/><figcaption><strong>Pr\u00e6steg\u00e5rden set fra luften 1938 <\/strong><br>(Kilde: Det Kongelige Bibliotek : Danmark set fra luften &#8211; f\u00f8r Google)<\/figcaption><\/figure><\/div>\n\n\n\n<figure class=\"wp-block-image size-large is-style-default\"><img loading=\"lazy\" decoding=\"async\" width=\"1024\" height=\"878\" src=\"https:\/\/www.xn--dengamleprstegrd-qobn.dk\/wp-content\/uploads\/2020\/07\/1955-1-1024x878.png\" alt=\"\" class=\"wp-image-51\" srcset=\"https:\/\/www.xn--dengamleprstegrd-qobn.dk\/wp-content\/uploads\/2020\/07\/1955-1-1024x878.png 1024w, https:\/\/www.xn--dengamleprstegrd-qobn.dk\/wp-content\/uploads\/2020\/07\/1955-1-300x257.png 300w, https:\/\/www.xn--dengamleprstegrd-qobn.dk\/wp-content\/uploads\/2020\/07\/1955-1-768x659.png 768w, https:\/\/www.xn--dengamleprstegrd-qobn.dk\/wp-content\/uploads\/2020\/07\/1955-1-676x580.png 676w, https:\/\/www.xn--dengamleprstegrd-qobn.dk\/wp-content\/uploads\/2020\/07\/1955-1.png 1095w\" sizes=\"auto, (max-width: 1024px) 100vw, 1024px\" \/><figcaption>Pr\u00e6steg\u00e5rden set fra luften 1955 <br>(Kilde: Det Kongelige Bibliotek : Danmark set fra luften &#8211; f\u00f8r Google)<\/figcaption><\/figure>\n\n\n\n<figure class=\"wp-block-image size-large is-style-default\"><img loading=\"lazy\" decoding=\"async\" width=\"1024\" height=\"777\" src=\"https:\/\/www.xn--dengamleprstegrd-qobn.dk\/wp-content\/uploads\/2020\/07\/1959-1-1024x777.png\" alt=\"\" class=\"wp-image-52\" srcset=\"https:\/\/www.xn--dengamleprstegrd-qobn.dk\/wp-content\/uploads\/2020\/07\/1959-1-1024x777.png 1024w, https:\/\/www.xn--dengamleprstegrd-qobn.dk\/wp-content\/uploads\/2020\/07\/1959-1-300x228.png 300w, https:\/\/www.xn--dengamleprstegrd-qobn.dk\/wp-content\/uploads\/2020\/07\/1959-1-768x583.png 768w, https:\/\/www.xn--dengamleprstegrd-qobn.dk\/wp-content\/uploads\/2020\/07\/1959-1-676x513.png 676w, https:\/\/www.xn--dengamleprstegrd-qobn.dk\/wp-content\/uploads\/2020\/07\/1959-1.png 1235w\" sizes=\"auto, (max-width: 1024px) 100vw, 1024px\" \/><figcaption>Pr\u00e6steg\u00e5rden set fra luften 1959 <br>(Kilde: Det Kongelige Bibliotek : Danmark set fra luften &#8211; f\u00f8r Google)<\/figcaption><\/figure>\n\n\n\n<figure class=\"wp-block-image size-large is-style-default\"><img loading=\"lazy\" decoding=\"async\" width=\"1024\" height=\"811\" src=\"https:\/\/www.xn--dengamleprstegrd-qobn.dk\/wp-content\/uploads\/2020\/07\/1980-1-1024x811.png\" alt=\"\" class=\"wp-image-53\" srcset=\"https:\/\/www.xn--dengamleprstegrd-qobn.dk\/wp-content\/uploads\/2020\/07\/1980-1-1024x811.png 1024w, https:\/\/www.xn--dengamleprstegrd-qobn.dk\/wp-content\/uploads\/2020\/07\/1980-1-300x238.png 300w, https:\/\/www.xn--dengamleprstegrd-qobn.dk\/wp-content\/uploads\/2020\/07\/1980-1-768x608.png 768w, https:\/\/www.xn--dengamleprstegrd-qobn.dk\/wp-content\/uploads\/2020\/07\/1980-1-676x535.png 676w, https:\/\/www.xn--dengamleprstegrd-qobn.dk\/wp-content\/uploads\/2020\/07\/1980-1.png 1182w\" sizes=\"auto, (max-width: 1024px) 100vw, 1024px\" \/><figcaption>Pr\u00e6steg\u00e5rden set fra luften 1980 <br>(Kilde: Det Kongelige Bibliotek : Danmark set fra luften &#8211; f\u00f8r Google)<\/figcaption><\/figure>\n\n\n\n<figure class=\"wp-block-image size-large is-style-default\"><img loading=\"lazy\" decoding=\"async\" width=\"1024\" height=\"834\" src=\"https:\/\/www.xn--dengamleprstegrd-qobn.dk\/wp-content\/uploads\/2020\/07\/2019-1-1024x834.png\" alt=\"\" class=\"wp-image-55\" srcset=\"https:\/\/www.xn--dengamleprstegrd-qobn.dk\/wp-content\/uploads\/2020\/07\/2019-1-1024x834.png 1024w, https:\/\/www.xn--dengamleprstegrd-qobn.dk\/wp-content\/uploads\/2020\/07\/2019-1-300x244.png 300w, https:\/\/www.xn--dengamleprstegrd-qobn.dk\/wp-content\/uploads\/2020\/07\/2019-1-768x625.png 768w, https:\/\/www.xn--dengamleprstegrd-qobn.dk\/wp-content\/uploads\/2020\/07\/2019-1-676x550.png 676w, https:\/\/www.xn--dengamleprstegrd-qobn.dk\/wp-content\/uploads\/2020\/07\/2019-1.png 1087w\" sizes=\"auto, (max-width: 1024px) 100vw, 1024px\" \/><figcaption>Pr\u00e6steg\u00e5rden set fra luften 2019 <br>(Kilde: Google Maps)<\/figcaption><\/figure>\n\n\n\n<p>Hvis man gerne vil sammenligne hvordan omr\u00e5de s\u00e5 ud i 1958 med 2018, kan man pr\u00f8ve dette link: <br><a rel=\"noreferrer noopener\" href=\"https:\/\/map.krak.dk\/?c=55.250316,11.543595&amp;z=18&amp;l=historic&amp;q=%22hindholmvek%2061%22;yp\" target=\"_blank\">https:\/\/map.krak.dk\/?c=55.250316,11.543595&amp;z=18&amp;l=historic&amp;q=%22hindholmvek%2061%22;yp<\/a><\/p>\n","protected":false},"excerpt":{"rendered":"<p>Hvis man gerne vil sammenligne hvordan omr\u00e5de s\u00e5 ud i 1958 med 2018, kan man pr\u00f8ve dette link: https:\/\/map.krak.dk\/?c=55.250316,11.543595&amp;z=18&amp;l=historic&amp;q=%22hindholmvek%2061%22;yp<\/p>\n","protected":false},"author":1,"featured_media":0,"parent":0,"menu_order":0,"comment_status":"closed","ping_status":"closed","template":"","meta":{"footnotes":""},"class_list":["post-48","page","type-page","status-publish","hentry","post-preview"],"_links":{"self":[{"href":"https:\/\/www.xn--dengamleprstegrd-qobn.dk\/index.php\/wp-json\/wp\/v2\/pages\/48","targetHints":{"allow":["GET"]}}],"collection":[{"href":"https:\/\/www.xn--dengamleprstegrd-qobn.dk\/index.php\/wp-json\/wp\/v2\/pages"}],"about":[{"href":"https:\/\/www.xn--dengamleprstegrd-qobn.dk\/index.php\/wp-json\/wp\/v2\/types\/page"}],"author":[{"embeddable":true,"href":"https:\/\/www.xn--dengamleprstegrd-qobn.dk\/index.php\/wp-json\/wp\/v2\/users\/1"}],"replies":[{"embeddable":true,"href":"https:\/\/www.xn--dengamleprstegrd-qobn.dk\/index.php\/wp-json\/wp\/v2\/comments?post=48"}],"version-history":[{"count":3,"href":"https:\/\/www.xn--dengamleprstegrd-qobn.dk\/index.php\/wp-json\/wp\/v2\/pages\/48\/revisions"}],"predecessor-version":[{"id":57,"href":"https:\/\/www.xn--dengamleprstegrd-qobn.dk\/index.php\/wp-json\/wp\/v2\/pages\/48\/revisions\/57"}],"wp:attachment":[{"href":"https:\/\/www.xn--dengamleprstegrd-qobn.dk\/index.php\/wp-json\/wp\/v2\/media?parent=48"}],"curies":[{"name":"wp","href":"https:\/\/api.w.org\/{rel}","templated":true}]}}