{"id":63,"date":"2020-07-23T19:04:53","date_gmt":"2020-07-23T19:04:53","guid":{"rendered":"https:\/\/www.xn--dengamleprstegrd-qobn.dk\/?page_id=63"},"modified":"2020-07-23T19:38:53","modified_gmt":"2020-07-23T19:38:53","slug":"find-os","status":"publish","type":"page","link":"https:\/\/www.xn--dengamleprstegrd-qobn.dk\/index.php\/find-os\/","title":{"rendered":"Find os"},"content":{"rendered":"\n<p>Vores adresse er:<br>  Hindholmvej 61<br>  Kvislemark<br>  4262 Sandved<br><br><a rel=\"noreferrer noopener\" href=\"https:\/\/goo.gl\/maps\/189oXZ7EAXvJiv317\" target=\"_blank\">Find vej via Google Maps<\/a><br><br><iframe loading=\"lazy\" src=\"https:\/\/www.google.com\/maps\/embed?pb=!1m23!1m12!1m3!1d4927.292648243454!2d11.53849762925466!3d55.25084692168843!2m3!1f0!2f0!3f0!3m2!1i1024!2i768!4f13.1!4m8!3e0!4m0!4m5!1s0x4652a3b22f55d1b3%3A0xef0c7d62fdd1659f!2sHindholmvej%2061%2C%20Sandved!3m2!1d55.250847!2d11.542874999999999!5e1!3m2!1sda!2sdk!4v1595532814790!5m2!1sda!2sdk\" style=\"border:0;\" allowfullscreen=\"\" aria-hidden=\"false\" tabindex=\"0\" width=\"600\" height=\"450\" frameborder=\"0\"> <br>eller s\u00f8g blot efter : 7G2V+85 Sandved<br><br>Bem\u00e6rk venligst: Selvom Google gerne vil have, at I skal hoppe over tr\u00e6erne, findes den officielle indk\u00f8rsel en anelse l\u00e6ngere sydp\u00e5 og vil f\u00f8re jer direkte ind p\u00e5 g\u00e5rdspladsen.<\/p>\n\n\n\n<p><\/p>\n","protected":false},"excerpt":{"rendered":"<p>Vores adresse er: Hindholmvej 61 Kvislemark 4262 Sandved Find vej via Google Maps eller s\u00f8g blot efter : 7G2V+85 Sandved Bem\u00e6rk venligst: Selvom Google gerne vil have, at I skal hoppe over tr\u00e6erne, findes den officielle indk\u00f8rsel en anelse l\u00e6ngere sydp\u00e5 og vil f\u00f8re jer direkte ind p\u00e5 g\u00e5rdspladsen.<\/p>\n","protected":false},"author":1,"featured_media":0,"parent":0,"menu_order":0,"comment_status":"closed","ping_status":"closed","template":"template-fullwidth.php","meta":{"footnotes":""},"class_list":["post-63","page","type-page","status-publish","hentry","post-preview"],"_links":{"self":[{"href":"https:\/\/www.xn--dengamleprstegrd-qobn.dk\/index.php\/wp-json\/wp\/v2\/pages\/63","targetHints":{"allow":["GET"]}}],"collection":[{"href":"https:\/\/www.xn--dengamleprstegrd-qobn.dk\/index.php\/wp-json\/wp\/v2\/pages"}],"about":[{"href":"https:\/\/www.xn--dengamleprstegrd-qobn.dk\/index.php\/wp-json\/wp\/v2\/types\/page"}],"author":[{"embeddable":true,"href":"https:\/\/www.xn--dengamleprstegrd-qobn.dk\/index.php\/wp-json\/wp\/v2\/users\/1"}],"replies":[{"embeddable":true,"href":"https:\/\/www.xn--dengamleprstegrd-qobn.dk\/index.php\/wp-json\/wp\/v2\/comments?post=63"}],"version-history":[{"count":6,"href":"https:\/\/www.xn--dengamleprstegrd-qobn.dk\/index.php\/wp-json\/wp\/v2\/pages\/63\/revisions"}],"predecessor-version":[{"id":72,"href":"https:\/\/www.xn--dengamleprstegrd-qobn.dk\/index.php\/wp-json\/wp\/v2\/pages\/63\/revisions\/72"}],"wp:attachment":[{"href":"https:\/\/www.xn--dengamleprstegrd-qobn.dk\/index.php\/wp-json\/wp\/v2\/media?parent=63"}],"curies":[{"name":"wp","href":"https:\/\/api.w.org\/{rel}","templated":true}]}}