{"id":74,"date":"2020-08-15T20:42:56","date_gmt":"2020-08-15T20:42:56","guid":{"rendered":"https:\/\/www.xn--dengamleprstegrd-qobn.dk\/?page_id=74"},"modified":"2020-08-31T15:06:11","modified_gmt":"2020-08-31T15:06:11","slug":"billeder","status":"publish","type":"page","link":"https:\/\/www.xn--dengamleprstegrd-qobn.dk\/index.php\/billeder\/","title":{"rendered":"Billeder"},"content":{"rendered":"\n<h2 class=\"wp-block-heading\">Juli 2020<\/h2>\n\n\n\n<figure class=\"wp-block-gallery columns-2 wp-block-gallery-1 is-layout-flex wp-block-gallery-is-layout-flex\"><ul class=\"blocks-gallery-grid\"><li class=\"blocks-gallery-item\"><figure><a href=\"https:\/\/www.xn--dengamleprstegrd-qobn.dk\/wp-content\/uploads\/2020\/08\/20200718_163410-scaled.jpg\"><img loading=\"lazy\" decoding=\"async\" width=\"1024\" height=\"576\" src=\"https:\/\/www.xn--dengamleprstegrd-qobn.dk\/wp-content\/uploads\/2020\/08\/20200718_163410-1024x576.jpg\" alt=\"\" data-id=\"75\" data-full-url=\"https:\/\/www.xn--dengamleprstegrd-qobn.dk\/wp-content\/uploads\/2020\/08\/20200718_163410-scaled.jpg\" data-link=\"https:\/\/www.xn--dengamleprstegrd-qobn.dk\/index.php\/billeder\/20200718_163410\/\" class=\"wp-image-75\" srcset=\"https:\/\/www.xn--dengamleprstegrd-qobn.dk\/wp-content\/uploads\/2020\/08\/20200718_163410-1024x576.jpg 1024w, https:\/\/www.xn--dengamleprstegrd-qobn.dk\/wp-content\/uploads\/2020\/08\/20200718_163410-300x169.jpg 300w, https:\/\/www.xn--dengamleprstegrd-qobn.dk\/wp-content\/uploads\/2020\/08\/20200718_163410-768x432.jpg 768w, https:\/\/www.xn--dengamleprstegrd-qobn.dk\/wp-content\/uploads\/2020\/08\/20200718_163410-1536x864.jpg 1536w, https:\/\/www.xn--dengamleprstegrd-qobn.dk\/wp-content\/uploads\/2020\/08\/20200718_163410-2048x1152.jpg 2048w, https:\/\/www.xn--dengamleprstegrd-qobn.dk\/wp-content\/uploads\/2020\/08\/20200718_163410-676x380.jpg 676w\" sizes=\"(max-width: 1024px) 100vw, 1024px\" \/><\/a><figcaption class=\"blocks-gallery-item__caption\">Valn\u00f8ddetr\u00e6et<\/figcaption><\/figure><\/li><li class=\"blocks-gallery-item\"><figure><a href=\"https:\/\/www.xn--dengamleprstegrd-qobn.dk\/wp-content\/uploads\/2020\/08\/20200718_163415-scaled.jpg\"><img loading=\"lazy\" decoding=\"async\" width=\"1024\" height=\"576\" src=\"https:\/\/www.xn--dengamleprstegrd-qobn.dk\/wp-content\/uploads\/2020\/08\/20200718_163415-1024x576.jpg\" alt=\"\" data-id=\"76\" data-full-url=\"https:\/\/www.xn--dengamleprstegrd-qobn.dk\/wp-content\/uploads\/2020\/08\/20200718_163415-scaled.jpg\" data-link=\"https:\/\/www.xn--dengamleprstegrd-qobn.dk\/index.php\/billeder\/20200718_163415\/\" class=\"wp-image-76\" srcset=\"https:\/\/www.xn--dengamleprstegrd-qobn.dk\/wp-content\/uploads\/2020\/08\/20200718_163415-1024x576.jpg 1024w, https:\/\/www.xn--dengamleprstegrd-qobn.dk\/wp-content\/uploads\/2020\/08\/20200718_163415-300x169.jpg 300w, https:\/\/www.xn--dengamleprstegrd-qobn.dk\/wp-content\/uploads\/2020\/08\/20200718_163415-768x432.jpg 768w, https:\/\/www.xn--dengamleprstegrd-qobn.dk\/wp-content\/uploads\/2020\/08\/20200718_163415-1536x864.jpg 1536w, https:\/\/www.xn--dengamleprstegrd-qobn.dk\/wp-content\/uploads\/2020\/08\/20200718_163415-2048x1152.jpg 2048w, https:\/\/www.xn--dengamleprstegrd-qobn.dk\/wp-content\/uploads\/2020\/08\/20200718_163415-676x380.jpg 676w\" sizes=\"(max-width: 1024px) 100vw, 1024px\" \/><\/a><figcaption class=\"blocks-gallery-item__caption\">G\u00e5rdsplads set fra k\u00f8kkenindgangen<\/figcaption><\/figure><\/li><li class=\"blocks-gallery-item\"><figure><a href=\"https:\/\/www.xn--dengamleprstegrd-qobn.dk\/wp-content\/uploads\/2020\/08\/20200718_163424-scaled.jpg\"><img loading=\"lazy\" decoding=\"async\" width=\"1024\" height=\"576\" src=\"https:\/\/www.xn--dengamleprstegrd-qobn.dk\/wp-content\/uploads\/2020\/08\/20200718_163424-1024x576.jpg\" alt=\"\" data-id=\"77\" data-full-url=\"https:\/\/www.xn--dengamleprstegrd-qobn.dk\/wp-content\/uploads\/2020\/08\/20200718_163424-scaled.jpg\" data-link=\"https:\/\/www.xn--dengamleprstegrd-qobn.dk\/index.php\/billeder\/20200718_163424\/\" class=\"wp-image-77\" srcset=\"https:\/\/www.xn--dengamleprstegrd-qobn.dk\/wp-content\/uploads\/2020\/08\/20200718_163424-1024x576.jpg 1024w, https:\/\/www.xn--dengamleprstegrd-qobn.dk\/wp-content\/uploads\/2020\/08\/20200718_163424-300x169.jpg 300w, https:\/\/www.xn--dengamleprstegrd-qobn.dk\/wp-content\/uploads\/2020\/08\/20200718_163424-768x432.jpg 768w, https:\/\/www.xn--dengamleprstegrd-qobn.dk\/wp-content\/uploads\/2020\/08\/20200718_163424-1536x864.jpg 1536w, https:\/\/www.xn--dengamleprstegrd-qobn.dk\/wp-content\/uploads\/2020\/08\/20200718_163424-2048x1152.jpg 2048w, https:\/\/www.xn--dengamleprstegrd-qobn.dk\/wp-content\/uploads\/2020\/08\/20200718_163424-676x380.jpg 676w\" sizes=\"(max-width: 1024px) 100vw, 1024px\" \/><\/a><figcaption class=\"blocks-gallery-item__caption\">Udhuset<\/figcaption><\/figure><\/li><li class=\"blocks-gallery-item\"><figure><a href=\"https:\/\/www.xn--dengamleprstegrd-qobn.dk\/wp-content\/uploads\/2020\/08\/20200718_163442-scaled.jpg\"><img loading=\"lazy\" decoding=\"async\" width=\"1024\" height=\"576\" src=\"https:\/\/www.xn--dengamleprstegrd-qobn.dk\/wp-content\/uploads\/2020\/08\/20200718_163442-1024x576.jpg\" alt=\"\" data-id=\"79\" data-full-url=\"https:\/\/www.xn--dengamleprstegrd-qobn.dk\/wp-content\/uploads\/2020\/08\/20200718_163442-scaled.jpg\" data-link=\"https:\/\/www.xn--dengamleprstegrd-qobn.dk\/index.php\/billeder\/20200718_163442\/\" class=\"wp-image-79\" srcset=\"https:\/\/www.xn--dengamleprstegrd-qobn.dk\/wp-content\/uploads\/2020\/08\/20200718_163442-1024x576.jpg 1024w, https:\/\/www.xn--dengamleprstegrd-qobn.dk\/wp-content\/uploads\/2020\/08\/20200718_163442-300x169.jpg 300w, https:\/\/www.xn--dengamleprstegrd-qobn.dk\/wp-content\/uploads\/2020\/08\/20200718_163442-768x432.jpg 768w, https:\/\/www.xn--dengamleprstegrd-qobn.dk\/wp-content\/uploads\/2020\/08\/20200718_163442-1536x864.jpg 1536w, https:\/\/www.xn--dengamleprstegrd-qobn.dk\/wp-content\/uploads\/2020\/08\/20200718_163442-2048x1152.jpg 2048w, https:\/\/www.xn--dengamleprstegrd-qobn.dk\/wp-content\/uploads\/2020\/08\/20200718_163442-676x380.jpg 676w\" sizes=\"(max-width: 1024px) 100vw, 1024px\" \/><\/a><figcaption class=\"blocks-gallery-item__caption\">Indgang til haven<\/figcaption><\/figure><\/li><li class=\"blocks-gallery-item\"><figure><a href=\"https:\/\/www.xn--dengamleprstegrd-qobn.dk\/wp-content\/uploads\/2020\/08\/20200718_163508-scaled.jpg\"><img loading=\"lazy\" decoding=\"async\" width=\"1024\" height=\"576\" src=\"https:\/\/www.xn--dengamleprstegrd-qobn.dk\/wp-content\/uploads\/2020\/08\/20200718_163508-1024x576.jpg\" alt=\"\" data-id=\"80\" data-full-url=\"https:\/\/www.xn--dengamleprstegrd-qobn.dk\/wp-content\/uploads\/2020\/08\/20200718_163508-scaled.jpg\" data-link=\"https:\/\/www.xn--dengamleprstegrd-qobn.dk\/index.php\/billeder\/20200718_163508\/\" class=\"wp-image-80\" srcset=\"https:\/\/www.xn--dengamleprstegrd-qobn.dk\/wp-content\/uploads\/2020\/08\/20200718_163508-1024x576.jpg 1024w, https:\/\/www.xn--dengamleprstegrd-qobn.dk\/wp-content\/uploads\/2020\/08\/20200718_163508-300x169.jpg 300w, https:\/\/www.xn--dengamleprstegrd-qobn.dk\/wp-content\/uploads\/2020\/08\/20200718_163508-768x432.jpg 768w, https:\/\/www.xn--dengamleprstegrd-qobn.dk\/wp-content\/uploads\/2020\/08\/20200718_163508-1536x864.jpg 1536w, https:\/\/www.xn--dengamleprstegrd-qobn.dk\/wp-content\/uploads\/2020\/08\/20200718_163508-2048x1152.jpg 2048w, https:\/\/www.xn--dengamleprstegrd-qobn.dk\/wp-content\/uploads\/2020\/08\/20200718_163508-676x380.jpg 676w\" sizes=\"(max-width: 1024px) 100vw, 1024px\" \/><\/a><figcaption class=\"blocks-gallery-item__caption\">\u00c6ble- p\u00e6re- og blommetr\u00e6er<\/figcaption><\/figure><\/li><li class=\"blocks-gallery-item\"><figure><a href=\"https:\/\/www.xn--dengamleprstegrd-qobn.dk\/wp-content\/uploads\/2020\/08\/20200718_163520-scaled.jpg\"><img loading=\"lazy\" decoding=\"async\" width=\"1024\" height=\"576\" src=\"https:\/\/www.xn--dengamleprstegrd-qobn.dk\/wp-content\/uploads\/2020\/08\/20200718_163520-1024x576.jpg\" alt=\"\" data-id=\"82\" data-full-url=\"https:\/\/www.xn--dengamleprstegrd-qobn.dk\/wp-content\/uploads\/2020\/08\/20200718_163520-scaled.jpg\" data-link=\"https:\/\/www.xn--dengamleprstegrd-qobn.dk\/index.php\/billeder\/20200718_163520\/\" class=\"wp-image-82\" srcset=\"https:\/\/www.xn--dengamleprstegrd-qobn.dk\/wp-content\/uploads\/2020\/08\/20200718_163520-1024x576.jpg 1024w, https:\/\/www.xn--dengamleprstegrd-qobn.dk\/wp-content\/uploads\/2020\/08\/20200718_163520-300x169.jpg 300w, https:\/\/www.xn--dengamleprstegrd-qobn.dk\/wp-content\/uploads\/2020\/08\/20200718_163520-768x432.jpg 768w, https:\/\/www.xn--dengamleprstegrd-qobn.dk\/wp-content\/uploads\/2020\/08\/20200718_163520-1536x864.jpg 1536w, https:\/\/www.xn--dengamleprstegrd-qobn.dk\/wp-content\/uploads\/2020\/08\/20200718_163520-2048x1152.jpg 2048w, https:\/\/www.xn--dengamleprstegrd-qobn.dk\/wp-content\/uploads\/2020\/08\/20200718_163520-676x380.jpg 676w\" sizes=\"(max-width: 1024px) 100vw, 1024px\" \/><\/a><figcaption class=\"blocks-gallery-item__caption\">Gavl udhus<\/figcaption><\/figure><\/li><li class=\"blocks-gallery-item\"><figure><a href=\"https:\/\/www.xn--dengamleprstegrd-qobn.dk\/wp-content\/uploads\/2020\/08\/20200718_163541-scaled.jpg\"><img loading=\"lazy\" decoding=\"async\" width=\"1024\" height=\"576\" src=\"https:\/\/www.xn--dengamleprstegrd-qobn.dk\/wp-content\/uploads\/2020\/08\/20200718_163541-1024x576.jpg\" alt=\"\" data-id=\"83\" data-full-url=\"https:\/\/www.xn--dengamleprstegrd-qobn.dk\/wp-content\/uploads\/2020\/08\/20200718_163541-scaled.jpg\" data-link=\"https:\/\/www.xn--dengamleprstegrd-qobn.dk\/index.php\/billeder\/20200718_163541\/\" class=\"wp-image-83\" srcset=\"https:\/\/www.xn--dengamleprstegrd-qobn.dk\/wp-content\/uploads\/2020\/08\/20200718_163541-1024x576.jpg 1024w, https:\/\/www.xn--dengamleprstegrd-qobn.dk\/wp-content\/uploads\/2020\/08\/20200718_163541-300x169.jpg 300w, https:\/\/www.xn--dengamleprstegrd-qobn.dk\/wp-content\/uploads\/2020\/08\/20200718_163541-768x432.jpg 768w, https:\/\/www.xn--dengamleprstegrd-qobn.dk\/wp-content\/uploads\/2020\/08\/20200718_163541-1536x864.jpg 1536w, https:\/\/www.xn--dengamleprstegrd-qobn.dk\/wp-content\/uploads\/2020\/08\/20200718_163541-2048x1152.jpg 2048w, https:\/\/www.xn--dengamleprstegrd-qobn.dk\/wp-content\/uploads\/2020\/08\/20200718_163541-676x380.jpg 676w\" sizes=\"(max-width: 1024px) 100vw, 1024px\" \/><\/a><figcaption class=\"blocks-gallery-item__caption\">Haven fra vest<\/figcaption><\/figure><\/li><li class=\"blocks-gallery-item\"><figure><a href=\"https:\/\/www.xn--dengamleprstegrd-qobn.dk\/wp-content\/uploads\/2020\/08\/20200718_163547-scaled.jpg\"><img loading=\"lazy\" decoding=\"async\" width=\"1024\" height=\"576\" src=\"https:\/\/www.xn--dengamleprstegrd-qobn.dk\/wp-content\/uploads\/2020\/08\/20200718_163547-1024x576.jpg\" alt=\"\" data-id=\"84\" data-full-url=\"https:\/\/www.xn--dengamleprstegrd-qobn.dk\/wp-content\/uploads\/2020\/08\/20200718_163547-scaled.jpg\" data-link=\"https:\/\/www.xn--dengamleprstegrd-qobn.dk\/index.php\/billeder\/20200718_163547\/\" class=\"wp-image-84\" srcset=\"https:\/\/www.xn--dengamleprstegrd-qobn.dk\/wp-content\/uploads\/2020\/08\/20200718_163547-1024x576.jpg 1024w, https:\/\/www.xn--dengamleprstegrd-qobn.dk\/wp-content\/uploads\/2020\/08\/20200718_163547-300x169.jpg 300w, https:\/\/www.xn--dengamleprstegrd-qobn.dk\/wp-content\/uploads\/2020\/08\/20200718_163547-768x432.jpg 768w, https:\/\/www.xn--dengamleprstegrd-qobn.dk\/wp-content\/uploads\/2020\/08\/20200718_163547-1536x864.jpg 1536w, https:\/\/www.xn--dengamleprstegrd-qobn.dk\/wp-content\/uploads\/2020\/08\/20200718_163547-2048x1152.jpg 2048w, https:\/\/www.xn--dengamleprstegrd-qobn.dk\/wp-content\/uploads\/2020\/08\/20200718_163547-676x380.jpg 676w\" sizes=\"(max-width: 1024px) 100vw, 1024px\" \/><\/a><figcaption class=\"blocks-gallery-item__caption\">Nordlig gavl<\/figcaption><\/figure><\/li><li class=\"blocks-gallery-item\"><figure><a href=\"https:\/\/www.xn--dengamleprstegrd-qobn.dk\/wp-content\/uploads\/2020\/08\/20200718_163554-scaled.jpg\"><img loading=\"lazy\" decoding=\"async\" width=\"1024\" height=\"576\" src=\"https:\/\/www.xn--dengamleprstegrd-qobn.dk\/wp-content\/uploads\/2020\/08\/20200718_163554-1024x576.jpg\" alt=\"\" data-id=\"85\" data-full-url=\"https:\/\/www.xn--dengamleprstegrd-qobn.dk\/wp-content\/uploads\/2020\/08\/20200718_163554-scaled.jpg\" data-link=\"https:\/\/www.xn--dengamleprstegrd-qobn.dk\/index.php\/billeder\/20200718_163554\/\" class=\"wp-image-85\" srcset=\"https:\/\/www.xn--dengamleprstegrd-qobn.dk\/wp-content\/uploads\/2020\/08\/20200718_163554-1024x576.jpg 1024w, https:\/\/www.xn--dengamleprstegrd-qobn.dk\/wp-content\/uploads\/2020\/08\/20200718_163554-300x169.jpg 300w, https:\/\/www.xn--dengamleprstegrd-qobn.dk\/wp-content\/uploads\/2020\/08\/20200718_163554-768x432.jpg 768w, https:\/\/www.xn--dengamleprstegrd-qobn.dk\/wp-content\/uploads\/2020\/08\/20200718_163554-1536x864.jpg 1536w, https:\/\/www.xn--dengamleprstegrd-qobn.dk\/wp-content\/uploads\/2020\/08\/20200718_163554-2048x1152.jpg 2048w, https:\/\/www.xn--dengamleprstegrd-qobn.dk\/wp-content\/uploads\/2020\/08\/20200718_163554-676x380.jpg 676w\" sizes=\"(max-width: 1024px) 100vw, 1024px\" \/><\/a><\/figure><\/li><li class=\"blocks-gallery-item\"><figure><a href=\"https:\/\/www.xn--dengamleprstegrd-qobn.dk\/wp-content\/uploads\/2020\/08\/20200718_163818-scaled.jpg\"><img loading=\"lazy\" decoding=\"async\" width=\"1024\" height=\"576\" src=\"https:\/\/www.xn--dengamleprstegrd-qobn.dk\/wp-content\/uploads\/2020\/08\/20200718_163818-1024x576.jpg\" alt=\"\" data-id=\"86\" data-full-url=\"https:\/\/www.xn--dengamleprstegrd-qobn.dk\/wp-content\/uploads\/2020\/08\/20200718_163818-scaled.jpg\" data-link=\"https:\/\/www.xn--dengamleprstegrd-qobn.dk\/index.php\/billeder\/20200718_163818\/\" class=\"wp-image-86\" srcset=\"https:\/\/www.xn--dengamleprstegrd-qobn.dk\/wp-content\/uploads\/2020\/08\/20200718_163818-1024x576.jpg 1024w, https:\/\/www.xn--dengamleprstegrd-qobn.dk\/wp-content\/uploads\/2020\/08\/20200718_163818-300x169.jpg 300w, https:\/\/www.xn--dengamleprstegrd-qobn.dk\/wp-content\/uploads\/2020\/08\/20200718_163818-768x432.jpg 768w, https:\/\/www.xn--dengamleprstegrd-qobn.dk\/wp-content\/uploads\/2020\/08\/20200718_163818-1536x864.jpg 1536w, https:\/\/www.xn--dengamleprstegrd-qobn.dk\/wp-content\/uploads\/2020\/08\/20200718_163818-2048x1152.jpg 2048w, https:\/\/www.xn--dengamleprstegrd-qobn.dk\/wp-content\/uploads\/2020\/08\/20200718_163818-676x380.jpg 676w\" sizes=\"(max-width: 1024px) 100vw, 1024px\" \/><\/a><\/figure><\/li><li class=\"blocks-gallery-item\"><figure><a href=\"https:\/\/www.xn--dengamleprstegrd-qobn.dk\/wp-content\/uploads\/2020\/08\/Bagsiden-scaled.jpg\"><img loading=\"lazy\" decoding=\"async\" width=\"2560\" height=\"1440\" src=\"https:\/\/www.xn--dengamleprstegrd-qobn.dk\/wp-content\/uploads\/2020\/08\/Bagsiden-scaled.jpg\" alt=\"\" data-id=\"101\" data-full-url=\"https:\/\/www.xn--dengamleprstegrd-qobn.dk\/wp-content\/uploads\/2020\/08\/Bagsiden-scaled.jpg\" data-link=\"https:\/\/www.xn--dengamleprstegrd-qobn.dk\/index.php\/billeder\/bagsiden\/\" class=\"wp-image-101\" srcset=\"https:\/\/www.xn--dengamleprstegrd-qobn.dk\/wp-content\/uploads\/2020\/08\/Bagsiden-scaled.jpg 2560w, https:\/\/www.xn--dengamleprstegrd-qobn.dk\/wp-content\/uploads\/2020\/08\/Bagsiden-300x169.jpg 300w\" sizes=\"(max-width: 2560px) 100vw, 2560px\" \/><\/a><figcaption class=\"blocks-gallery-item__caption\">Bagsiden med &#8220;terrassen&#8221;<\/figcaption><\/figure><\/li><li class=\"blocks-gallery-item\"><figure><a href=\"https:\/\/www.xn--dengamleprstegrd-qobn.dk\/wp-content\/uploads\/2020\/08\/Bagsiden-2-scaled.jpg\"><img loading=\"lazy\" decoding=\"async\" width=\"2560\" height=\"1440\" src=\"https:\/\/www.xn--dengamleprstegrd-qobn.dk\/wp-content\/uploads\/2020\/08\/Bagsiden-2-scaled.jpg\" alt=\"\" data-id=\"102\" data-full-url=\"https:\/\/www.xn--dengamleprstegrd-qobn.dk\/wp-content\/uploads\/2020\/08\/Bagsiden-2-scaled.jpg\" data-link=\"https:\/\/www.xn--dengamleprstegrd-qobn.dk\/index.php\/billeder\/bagsiden-2\/\" class=\"wp-image-102\" srcset=\"https:\/\/www.xn--dengamleprstegrd-qobn.dk\/wp-content\/uploads\/2020\/08\/Bagsiden-2-scaled.jpg 2560w, https:\/\/www.xn--dengamleprstegrd-qobn.dk\/wp-content\/uploads\/2020\/08\/Bagsiden-2-300x169.jpg 300w\" sizes=\"(max-width: 2560px) 100vw, 2560px\" \/><\/a><figcaption class=\"blocks-gallery-item__caption\">&#8220;Udgang&#8221; til udk\u00f8rslen<\/figcaption><\/figure><\/li><\/ul><\/figure>\n\n\n\n<h2 class=\"wp-block-heading\">August 2020<\/h2>\n\n\n\n<figure class=\"wp-block-gallery columns-2 wp-block-gallery-2 is-layout-flex wp-block-gallery-is-layout-flex\"><ul class=\"blocks-gallery-grid\"><li class=\"blocks-gallery-item\"><figure><a href=\"https:\/\/www.xn--dengamleprstegrd-qobn.dk\/wp-content\/uploads\/2020\/08\/20200810_161143-scaled.jpg\"><img loading=\"lazy\" decoding=\"async\" width=\"1024\" height=\"576\" src=\"https:\/\/www.xn--dengamleprstegrd-qobn.dk\/wp-content\/uploads\/2020\/08\/20200810_161143-1024x576.jpg\" alt=\"\" data-id=\"91\" data-full-url=\"https:\/\/www.xn--dengamleprstegrd-qobn.dk\/wp-content\/uploads\/2020\/08\/20200810_161143-scaled.jpg\" data-link=\"https:\/\/www.xn--dengamleprstegrd-qobn.dk\/index.php\/billeder\/20200810_161143\/\" class=\"wp-image-91\" srcset=\"https:\/\/www.xn--dengamleprstegrd-qobn.dk\/wp-content\/uploads\/2020\/08\/20200810_161143-1024x576.jpg 1024w, https:\/\/www.xn--dengamleprstegrd-qobn.dk\/wp-content\/uploads\/2020\/08\/20200810_161143-300x169.jpg 300w, https:\/\/www.xn--dengamleprstegrd-qobn.dk\/wp-content\/uploads\/2020\/08\/20200810_161143-768x432.jpg 768w, https:\/\/www.xn--dengamleprstegrd-qobn.dk\/wp-content\/uploads\/2020\/08\/20200810_161143-1536x864.jpg 1536w, https:\/\/www.xn--dengamleprstegrd-qobn.dk\/wp-content\/uploads\/2020\/08\/20200810_161143-2048x1152.jpg 2048w, https:\/\/www.xn--dengamleprstegrd-qobn.dk\/wp-content\/uploads\/2020\/08\/20200810_161143-676x380.jpg 676w\" sizes=\"(max-width: 1024px) 100vw, 1024px\" \/><\/a><figcaption class=\"blocks-gallery-item__caption\">Udhuset<\/figcaption><\/figure><\/li><li class=\"blocks-gallery-item\"><figure><a href=\"https:\/\/www.xn--dengamleprstegrd-qobn.dk\/wp-content\/uploads\/2020\/08\/20200810_161106-scaled.jpg\"><img loading=\"lazy\" decoding=\"async\" width=\"1024\" height=\"576\" src=\"https:\/\/www.xn--dengamleprstegrd-qobn.dk\/wp-content\/uploads\/2020\/08\/20200810_161106-1024x576.jpg\" alt=\"\" data-id=\"94\" data-full-url=\"https:\/\/www.xn--dengamleprstegrd-qobn.dk\/wp-content\/uploads\/2020\/08\/20200810_161106-scaled.jpg\" data-link=\"https:\/\/www.xn--dengamleprstegrd-qobn.dk\/index.php\/billeder\/20200810_161106\/\" class=\"wp-image-94\" srcset=\"https:\/\/www.xn--dengamleprstegrd-qobn.dk\/wp-content\/uploads\/2020\/08\/20200810_161106-1024x576.jpg 1024w, https:\/\/www.xn--dengamleprstegrd-qobn.dk\/wp-content\/uploads\/2020\/08\/20200810_161106-300x169.jpg 300w, https:\/\/www.xn--dengamleprstegrd-qobn.dk\/wp-content\/uploads\/2020\/08\/20200810_161106-768x432.jpg 768w, https:\/\/www.xn--dengamleprstegrd-qobn.dk\/wp-content\/uploads\/2020\/08\/20200810_161106-1536x864.jpg 1536w, https:\/\/www.xn--dengamleprstegrd-qobn.dk\/wp-content\/uploads\/2020\/08\/20200810_161106-2048x1152.jpg 2048w, https:\/\/www.xn--dengamleprstegrd-qobn.dk\/wp-content\/uploads\/2020\/08\/20200810_161106-676x380.jpg 676w\" sizes=\"(max-width: 1024px) 100vw, 1024px\" \/><\/a><figcaption class=\"blocks-gallery-item__caption\">G\u00e5rdspladsen<\/figcaption><\/figure><\/li><li class=\"blocks-gallery-item\"><figure><a href=\"https:\/\/www.xn--dengamleprstegrd-qobn.dk\/wp-content\/uploads\/2020\/08\/20200810_161025-scaled.jpg\"><img loading=\"lazy\" decoding=\"async\" width=\"576\" height=\"1024\" src=\"https:\/\/www.xn--dengamleprstegrd-qobn.dk\/wp-content\/uploads\/2020\/08\/20200810_161025-576x1024.jpg\" alt=\"\" data-id=\"92\" data-full-url=\"https:\/\/www.xn--dengamleprstegrd-qobn.dk\/wp-content\/uploads\/2020\/08\/20200810_161025-scaled.jpg\" data-link=\"https:\/\/www.xn--dengamleprstegrd-qobn.dk\/index.php\/billeder\/20200810_161025\/\" class=\"wp-image-92\" srcset=\"https:\/\/www.xn--dengamleprstegrd-qobn.dk\/wp-content\/uploads\/2020\/08\/20200810_161025-576x1024.jpg 576w, https:\/\/www.xn--dengamleprstegrd-qobn.dk\/wp-content\/uploads\/2020\/08\/20200810_161025-169x300.jpg 169w, https:\/\/www.xn--dengamleprstegrd-qobn.dk\/wp-content\/uploads\/2020\/08\/20200810_161025-768x1365.jpg 768w, https:\/\/www.xn--dengamleprstegrd-qobn.dk\/wp-content\/uploads\/2020\/08\/20200810_161025-864x1536.jpg 864w, https:\/\/www.xn--dengamleprstegrd-qobn.dk\/wp-content\/uploads\/2020\/08\/20200810_161025-1152x2048.jpg 1152w, https:\/\/www.xn--dengamleprstegrd-qobn.dk\/wp-content\/uploads\/2020\/08\/20200810_161025-676x1202.jpg 676w, https:\/\/www.xn--dengamleprstegrd-qobn.dk\/wp-content\/uploads\/2020\/08\/20200810_161025-scaled.jpg 1440w\" sizes=\"(max-width: 576px) 100vw, 576px\" \/><\/a><figcaption class=\"blocks-gallery-item__caption\">Mod kirken<\/figcaption><\/figure><\/li><li class=\"blocks-gallery-item\"><figure><a href=\"https:\/\/www.xn--dengamleprstegrd-qobn.dk\/wp-content\/uploads\/2020\/08\/20200810_161040-scaled.jpg\"><img loading=\"lazy\" decoding=\"async\" width=\"576\" height=\"1024\" src=\"https:\/\/www.xn--dengamleprstegrd-qobn.dk\/wp-content\/uploads\/2020\/08\/20200810_161040-576x1024.jpg\" alt=\"\" data-id=\"93\" data-full-url=\"https:\/\/www.xn--dengamleprstegrd-qobn.dk\/wp-content\/uploads\/2020\/08\/20200810_161040-scaled.jpg\" data-link=\"https:\/\/www.xn--dengamleprstegrd-qobn.dk\/index.php\/billeder\/20200810_161040\/\" class=\"wp-image-93\" srcset=\"https:\/\/www.xn--dengamleprstegrd-qobn.dk\/wp-content\/uploads\/2020\/08\/20200810_161040-576x1024.jpg 576w, https:\/\/www.xn--dengamleprstegrd-qobn.dk\/wp-content\/uploads\/2020\/08\/20200810_161040-169x300.jpg 169w, https:\/\/www.xn--dengamleprstegrd-qobn.dk\/wp-content\/uploads\/2020\/08\/20200810_161040-768x1365.jpg 768w, https:\/\/www.xn--dengamleprstegrd-qobn.dk\/wp-content\/uploads\/2020\/08\/20200810_161040-864x1536.jpg 864w, https:\/\/www.xn--dengamleprstegrd-qobn.dk\/wp-content\/uploads\/2020\/08\/20200810_161040-1152x2048.jpg 1152w, https:\/\/www.xn--dengamleprstegrd-qobn.dk\/wp-content\/uploads\/2020\/08\/20200810_161040-676x1202.jpg 676w, https:\/\/www.xn--dengamleprstegrd-qobn.dk\/wp-content\/uploads\/2020\/08\/20200810_161040-scaled.jpg 1440w\" sizes=\"(max-width: 576px) 100vw, 576px\" \/><\/a><figcaption class=\"blocks-gallery-item__caption\">Mod indk\u00f8rslen<\/figcaption><\/figure><\/li><li class=\"blocks-gallery-item\"><figure><a href=\"https:\/\/www.xn--dengamleprstegrd-qobn.dk\/wp-content\/uploads\/2020\/08\/Indkoersel-om-aftenen.jpg\"><img decoding=\"async\" src=\"https:\/\/www.xn--dengamleprstegrd-qobn.dk\/wp-content\/uploads\/2020\/08\/Indkoersel-om-aftenen.jpg\" alt=\"\" data-id=\"100\" data-link=\"https:\/\/www.xn--dengamleprstegrd-qobn.dk\/index.php\/billeder\/indkoersel-om-aftenen\/\" class=\"wp-image-100\"\/><\/a><figcaption class=\"blocks-gallery-item__caption\">Indk\u00f8rslen om aftenen<\/figcaption><\/figure><\/li><li class=\"blocks-gallery-item\"><figure><a href=\"https:\/\/www.xn--dengamleprstegrd-qobn.dk\/wp-content\/uploads\/2020\/08\/Gaardsplad-om-aftenen-scaled.jpg\"><img loading=\"lazy\" decoding=\"async\" width=\"1024\" height=\"576\" src=\"https:\/\/www.xn--dengamleprstegrd-qobn.dk\/wp-content\/uploads\/2020\/08\/Gaardsplad-om-aftenen-1024x576.jpg\" alt=\"\" data-id=\"99\" data-full-url=\"https:\/\/www.xn--dengamleprstegrd-qobn.dk\/wp-content\/uploads\/2020\/08\/Gaardsplad-om-aftenen-scaled.jpg\" data-link=\"https:\/\/www.xn--dengamleprstegrd-qobn.dk\/index.php\/billeder\/gaardsplad-om-aftenen\/\" class=\"wp-image-99\" srcset=\"https:\/\/www.xn--dengamleprstegrd-qobn.dk\/wp-content\/uploads\/2020\/08\/Gaardsplad-om-aftenen-1024x576.jpg 1024w, https:\/\/www.xn--dengamleprstegrd-qobn.dk\/wp-content\/uploads\/2020\/08\/Gaardsplad-om-aftenen-300x169.jpg 300w\" sizes=\"(max-width: 1024px) 100vw, 1024px\" \/><\/a><figcaption class=\"blocks-gallery-item__caption\">G\u00e5rdsplads om aftenen<\/figcaption><\/figure><\/li><li class=\"blocks-gallery-item\"><figure><a href=\"https:\/\/www.xn--dengamleprstegrd-qobn.dk\/wp-content\/uploads\/2020\/08\/Paeretraeet.jpg\"><img decoding=\"async\" src=\"https:\/\/www.xn--dengamleprstegrd-qobn.dk\/wp-content\/uploads\/2020\/08\/Paeretraeet.jpg\" alt=\"\" data-id=\"98\" data-link=\"https:\/\/www.xn--dengamleprstegrd-qobn.dk\/index.php\/billeder\/paeretraeet\/\" class=\"wp-image-98\"\/><\/a><figcaption class=\"blocks-gallery-item__caption\">P\u00e6retr\u00e6et med frugter<\/figcaption><\/figure><\/li><\/ul><\/figure>\n\n\n\n<p><\/p>\n","protected":false},"excerpt":{"rendered":"<p>Juli 2020 August 2020<\/p>\n","protected":false},"author":1,"featured_media":0,"parent":0,"menu_order":0,"comment_status":"open","ping_status":"closed","template":"","meta":{"footnotes":""},"_links":{"self":[{"href":"https:\/\/www.xn--dengamleprstegrd-qobn.dk\/index.php\/wp-json\/wp\/v2\/pages\/74"}],"collection":[{"href":"https:\/\/www.xn--dengamleprstegrd-qobn.dk\/index.php\/wp-json\/wp\/v2\/pages"}],"about":[{"href":"https:\/\/www.xn--dengamleprstegrd-qobn.dk\/index.php\/wp-json\/wp\/v2\/types\/page"}],"author":[{"embeddable":true,"href":"https:\/\/www.xn--dengamleprstegrd-qobn.dk\/index.php\/wp-json\/wp\/v2\/users\/1"}],"replies":[{"embeddable":true,"href":"https:\/\/www.xn--dengamleprstegrd-qobn.dk\/index.php\/wp-json\/wp\/v2\/comments?post=74"}],"version-history":[{"count":8,"href":"https:\/\/www.xn--dengamleprstegrd-qobn.dk\/index.php\/wp-json\/wp\/v2\/pages\/74\/revisions"}],"predecessor-version":[{"id":107,"href":"https:\/\/www.xn--dengamleprstegrd-qobn.dk\/index.php\/wp-json\/wp\/v2\/pages\/74\/revisions\/107"}],"wp:attachment":[{"href":"https:\/\/www.xn--dengamleprstegrd-qobn.dk\/index.php\/wp-json\/wp\/v2\/media?parent=74"}],"curies":[{"name":"wp","href":"https:\/\/api.w.org\/{rel}","templated":true}]}}